{"id":2,"date":"2015-09-30T18:11:10","date_gmt":"2015-09-30T18:11:10","guid":{"rendered":"http:\/\/www.willemijnvangent.com\/zangles-denhaag\/?page_id=2"},"modified":"2025-07-15T07:40:46","modified_gmt":"2025-07-15T07:40:46","slug":"zingen","status":"publish","type":"page","link":"https:\/\/www.willemijnvangent.com\/zangles-denhaag\/zingen\/","title":{"rendered":"Het gaat over zingen"},"content":{"rendered":"<hr \/>\n<div class='content-column one_half'><p>&nbsp;<\/p>\n<p><a href=\"http:\/\/www.willemijnvangent.com\/zangles-denhaag\/wp-content\/uploads\/2015\/10\/NAT8473.jpg\"><img fetchpriority=\"high\" decoding=\"async\" class=\" wp-image-1618 alignleft\" src=\"http:\/\/www.willemijnvangent.com\/zangles-denhaag\/wp-content\/uploads\/2015\/10\/NAT8473-1024x683.jpg\" alt=\"Willemijn van Gent\" width=\"554\" height=\"369\" srcset=\"https:\/\/www.willemijnvangent.com\/zangles-denhaag\/wp-content\/uploads\/2015\/10\/NAT8473-1024x683.jpg 1024w, https:\/\/www.willemijnvangent.com\/zangles-denhaag\/wp-content\/uploads\/2015\/10\/NAT8473-300x200.jpg 300w\" sizes=\"(max-width: 554px) 100vw, 554px\" \/><\/a><\/p>\n<p>&nbsp;<\/p>\n<h3><\/div><\/h3>\n<div class='content-column one_half last_column'><h2><span style=\"color: #008000;\"><em>Zingen<br \/>\n<\/em><\/span><\/h2>\n<h3><span style=\"color: #003300;\"><i>W<strong>ie ben ik?<\/strong><\/i><\/span><\/h3>\n<p><em>Opleiding:<\/em><\/p>\n<p>Ik heb zang gestudeerd aan het Koninklijk Conservatorium te Den Haag bij Marianne Dieleman: docerend musicus (Bachelor) en specialisatie Kamermuziek, Oude Muziek (Master). Tijdens mijn carri\u00e8re heb ik mijn stem verder ontwikkeld door masterclasses te volgen bij o.a. bij Elly Ameling, Daniel Ferro en Tom Krause. Lange tijd was <a href=\"https:\/\/slippedisc.com\/2018\/12\/death-of-a-distinguished-singing-teacher-58\/\" target=\"_blank\">David Mason<\/a> in London mijn vaste zangdocent, later heb ik bij diverse collega&#8217;s mijn zangbatterij opgeladen. Als ondersteuning voor mijn lespraktijk heb de levels 1 en 2 van EVT gevolgd.<\/p>\n<p>Na een jaren lange carri\u00e8re als zangeres ben ik logopedie gaan studeren om meer over de technische kant van de stem te weten te komen. Ik heb daar de eerste 2,5 jaar van voltooid en zodoende veel kennis over de stem en stemmethodes opgedaan. Met die kennis kan ik goed communiceren met logopedisten en foniaters. Maar vooral ben ik nu in staat zangers te helpen die zoeken naar de optimale klank van hun eigen stem en hoe ze die kunnen gebruiken om te laten horen wie en hoe ze zijn.<\/div><div class='clear_column'><\/div><br \/>\n<div class='content-column one_third'><div style=\"padding-right:10px;\"><hr \/>\n<h3><span style=\"color: #008000;\"><strong>Sopraan<\/strong><\/span><\/h3>\n<p style=\"text-align: left;\"><span style=\"color: #333333;\">Als zangeres heb ik jaren lang gezongen om mensen te ontroeren. Dat deed ik solo in opera&#8217;s en concerten, of als onderdeel van wereldvermaarde ensembles.\u00a0<\/span><\/p>\n<p style=\"text-align: left;\"><span style=\"color: #333333;\">Daarnaast ben ik enkele jaren als solist verbonden geweest aan een Duits operatheater. Ik heb daar o.a. Hanna Glawary in de Witwe gezongen, Agathe in Freischutz, Anna in Hans Heiling van Marschner, Saffi in de Zigeuner baron. Daarna heb ik solistische medewerking verleend aan vele operaproducties in binnen- en buitenland.<\/span><\/p>\n<p style=\"text-align: left;\"><span style=\"color: #333333;\">Ik heb ervaring met de uitvoering van middeleeuwse tot hedendaagse muziek onder leiding van dirigenten als William Christie, Philippe Herreweghe, Frans Br\u00fcggen, Reinbert de Leeuw, Riccardo Chailly, Valerie Gergiev, Berhard Haitink, Richard Egarr en Yannick N\u00e9zet-S\u00e9guin. Voor al die verschillende stijlen gebruik je je stem steeds op een andere manier. Die kennis geef ik graag aan mijn leerlingen door.\u00a0<\/span><\/p><\/div><\/div><\/p>\n<div class='content-column one_third'><div style=\"padding-right:10px;padding-left:10px;\"><hr \/>\n<h3><span style=\"color: #008000;\"><strong>Zangdocent<\/strong><\/span><\/h3>\n<p style=\"text-align: left;\"><span style=\"color: #333333;\">Het begint met een ontspannen en vrolijke sfeer tijdens de lessen: zingen is vooral heerlijk! De basis voor lekker en gezond spreken en zingen, is een goede houding en een lage, stromende ademhaling.\u00a0Als dat in orde is kan je gaan werken aan de stem zelf.\u00a0<\/span><\/p>\n<p style=\"text-align: left;\"><span style=\"color: #333333;\">Tijdens de zangles ga ik uit van datgene wat de leerling al kan en wat de leerling zelf wil: meer of minder vibrato, een grotere of juist lichtere klank, een warmere stem of met meer kern. Samen gaan we dan zoeken naar de mogelijkheden om je tot de klank te brengen die het beste bij jou en de muziek die je het liefste zingt past.<\/span><\/p>\n<p><span style=\"color: #008000;\"><strong>Ik ben gespecialiseerd in het klassieke repertoire: van modern tot middeleeuws.<\/strong> <\/span><br \/>\n<span style=\"color: #008000;\">Als je voorkeur bij pop\/jazz ligt verwijs ik graag naar andere collega&#8217;s. \u00a0<\/span><\/p>\n<p style=\"text-align: left;\"><span style=\"color: #333333;\">Gevorderde zangers help ik onderzoeken wat de mogelijkheden zijn om met jouw eigen klank(en) en mogelijkheden tot hele persoonlijke interpretaties te komen van het door jou gekozen repertoire. Ik kan helpen met muzikale- en tekstinterpretatie, podiumpresentatie en auditietraining.\u00a0<\/span><\/p><\/div><\/div>\n<div class='content-column one_third last_column'><div style=\"padding-left:10px;\"><hr \/>\n<h3><span style=\"color: #008000;\"><strong>Stemcoach<\/strong><\/span><\/h3>\n<p style=\"text-align: left;\"><span style=\"color: #333333;\">Tijdens mijn studie logopedie heb ik kennis gemaakt met diverse stemmethodes die ik kan toepassen bij de verschillende vocaal-technische uitdagingen in de lespraktijk.<\/span><\/p>\n<p style=\"text-align: left;\"><span style=\"color: #333333;\">Stemproblemen als heesheid, een gespannen gevoel tijdens het zingen of andere stemproblemen bij spreken en zingen kan ik helpen oplossen. Ik zal bij twijfel over de oorzaak van de problemen overleggen met gespecialiseerde logopedistes en\/of doorverwijzen naar de foniater van het <span style=\"color: #008000;\"><a style=\"color: #008000;\" href=\"http:\/\/www.stembehandelcentrumvoorburg.nl\" target=\"_blank\">stembehandelcentrum Voorburg<\/a>.<\/span><\/span><\/p>\n<p><span style=\"color: #333333;\">Methodes: Coblenzer, Pahn, Accent, Resonans, EVT.<\/span><\/p>\n<h3><span style=\"color: #008000;\">Stemplatform.nl<\/span><\/h3>\n<p>Ik ben als zangstemspecialist aangesloten bij het multidisciplinaire <a href=\"https:\/\/www.stemplatform.nl\" target=\"_blank\">Stemplatform.nl\u00a0<\/a>. Op deze website kunnen in stem gespecialiseerde logopedisten, zangdocenten en KNO artsen elkaar vinden en naar elkaar verwijzen. Ook is er heel veel kennis over de stem verzameld zodat je stemproblemen kunt herkennen en tijdig hulp kunt zoeken bij stemproblemen.<\/p><\/div><\/div><div class='clear_column'><\/div>\n<p><span style=\"color: #04b431;\"><strong><em>I also teach in Englisch \/\u00a0<\/em><\/strong><\/span><span style=\"color: #04b431;\"><strong><em>Ich spreche auch Deutsch<\/em><\/strong><\/span><\/p>\n<h3><span style=\"color: #008000;\">Nieuwsgierig?<\/span><\/h3>\n<p>Neem <a href=\"http:\/\/www.willemijnvangent.com\/zangles-denhaag\/contact-2\/\">contact<\/a>\u00a0met me op voor een proefles. Voor een proefles van 30 minuten reken ik \u20ac30,- die je terugkrijgt bij aanschaf van de eerste strippenkaart.<\/p>\n<p>&nbsp;<\/p>\n<p>&nbsp;<\/p>\n","protected":false},"excerpt":{"rendered":"<p>I also teach in Englisch \/\u00a0Ich spreche auch Deutsch Nieuwsgierig? Neem contact\u00a0met me op voor een proefles. Voor een proefles van 30 minuten reken ik \u20ac30,- die je terugkrijgt bij aanschaf van de eerste strippenkaart. &nbsp; &nbsp;<\/p>\n","protected":false},"author":1,"featured_media":0,"parent":0,"menu_order":2,"comment_status":"closed","ping_status":"open","template":"","meta":{"footnotes":""},"class_list":["post-2","page","type-page","status-publish","hentry"],"yoast_head":"<!-- This site is optimized with the Yoast SEO plugin v27.3 - https:\/\/yoast.com\/product\/yoast-seo-wordpress\/ -->\n<title>Zingen Willemijn van Gent<\/title>\n<meta name=\"description\" content=\"Als stemspecialist wil ik mensen helpen bij het ontwikkelen van hun stem om te zingen of te spreken. Voor hun plezier of als beroep.\" \/>\n<meta name=\"robots\" content=\"index, follow, max-snippet:-1, max-image-preview:large, max-video-preview:-1\" \/>\n<link rel=\"canonical\" href=\"https:\/\/www.willemijnvangent.com\/zangles-denhaag\/zingen\/\" \/>\n<meta property=\"og:locale\" content=\"en_US\" \/>\n<meta property=\"og:type\" content=\"article\" \/>\n<meta property=\"og:title\" content=\"Zingen Willemijn van Gent\" \/>\n<meta property=\"og:description\" content=\"Als stemspecialist wil ik mensen helpen bij het ontwikkelen van hun stem om te zingen of te spreken. Voor hun plezier of als beroep.\" \/>\n<meta property=\"og:url\" content=\"https:\/\/www.willemijnvangent.com\/zangles-denhaag\/zingen\/\" \/>\n<meta property=\"og:site_name\" content=\"Willemijn van Gent\" \/>\n<meta property=\"article:modified_time\" content=\"2025-07-15T07:40:46+00:00\" \/>\n<meta property=\"og:image\" content=\"http:\/\/www.willemijnvangent.com\/zangles-denhaag\/wp-content\/uploads\/2015\/10\/NAT8473-1024x683.jpg\" \/>\n<meta name=\"twitter:card\" content=\"summary_large_image\" \/>\n<meta name=\"twitter:label1\" content=\"Est. reading time\" \/>\n\t<meta name=\"twitter:data1\" content=\"3 minutes\" \/>\n<script type=\"application\/ld+json\" class=\"yoast-schema-graph\">{\"@context\":\"https:\\\/\\\/schema.org\",\"@graph\":[{\"@type\":\"WebPage\",\"@id\":\"https:\\\/\\\/www.willemijnvangent.com\\\/zangles-denhaag\\\/zingen\\\/\",\"url\":\"https:\\\/\\\/www.willemijnvangent.com\\\/zangles-denhaag\\\/zingen\\\/\",\"name\":\"Zingen Willemijn van Gent\",\"isPartOf\":{\"@id\":\"https:\\\/\\\/www.willemijnvangent.com\\\/zangles-denhaag\\\/#website\"},\"primaryImageOfPage\":{\"@id\":\"https:\\\/\\\/www.willemijnvangent.com\\\/zangles-denhaag\\\/zingen\\\/#primaryimage\"},\"image\":{\"@id\":\"https:\\\/\\\/www.willemijnvangent.com\\\/zangles-denhaag\\\/zingen\\\/#primaryimage\"},\"thumbnailUrl\":\"http:\\\/\\\/www.willemijnvangent.com\\\/zangles-denhaag\\\/wp-content\\\/uploads\\\/2015\\\/10\\\/NAT8473-1024x683.jpg\",\"datePublished\":\"2015-09-30T18:11:10+00:00\",\"dateModified\":\"2025-07-15T07:40:46+00:00\",\"description\":\"Als stemspecialist wil ik mensen helpen bij het ontwikkelen van hun stem om te zingen of te spreken. Voor hun plezier of als beroep.\",\"breadcrumb\":{\"@id\":\"https:\\\/\\\/www.willemijnvangent.com\\\/zangles-denhaag\\\/zingen\\\/#breadcrumb\"},\"inLanguage\":\"en-US\",\"potentialAction\":[{\"@type\":\"ReadAction\",\"target\":[\"https:\\\/\\\/www.willemijnvangent.com\\\/zangles-denhaag\\\/zingen\\\/\"]}]},{\"@type\":\"ImageObject\",\"inLanguage\":\"en-US\",\"@id\":\"https:\\\/\\\/www.willemijnvangent.com\\\/zangles-denhaag\\\/zingen\\\/#primaryimage\",\"url\":\"https:\\\/\\\/www.willemijnvangent.com\\\/zangles-denhaag\\\/wp-content\\\/uploads\\\/2015\\\/10\\\/NAT8473.jpg\",\"contentUrl\":\"https:\\\/\\\/www.willemijnvangent.com\\\/zangles-denhaag\\\/wp-content\\\/uploads\\\/2015\\\/10\\\/NAT8473.jpg\",\"width\":4658,\"height\":3109},{\"@type\":\"BreadcrumbList\",\"@id\":\"https:\\\/\\\/www.willemijnvangent.com\\\/zangles-denhaag\\\/zingen\\\/#breadcrumb\",\"itemListElement\":[{\"@type\":\"ListItem\",\"position\":1,\"name\":\"Home\",\"item\":\"https:\\\/\\\/www.willemijnvangent.com\\\/zangles-denhaag\\\/\"},{\"@type\":\"ListItem\",\"position\":2,\"name\":\"Het gaat over zingen\"}]},{\"@type\":\"WebSite\",\"@id\":\"https:\\\/\\\/www.willemijnvangent.com\\\/zangles-denhaag\\\/#website\",\"url\":\"https:\\\/\\\/www.willemijnvangent.com\\\/zangles-denhaag\\\/\",\"name\":\"Willemijn van Gent\",\"description\":\"sopraan - zangdocent - stemcoach\",\"potentialAction\":[{\"@type\":\"SearchAction\",\"target\":{\"@type\":\"EntryPoint\",\"urlTemplate\":\"https:\\\/\\\/www.willemijnvangent.com\\\/zangles-denhaag\\\/?s={search_term_string}\"},\"query-input\":{\"@type\":\"PropertyValueSpecification\",\"valueRequired\":true,\"valueName\":\"search_term_string\"}}],\"inLanguage\":\"en-US\"}]}<\/script>\n<!-- \/ Yoast SEO plugin. -->","yoast_head_json":{"title":"Zingen Willemijn van Gent","description":"Als stemspecialist wil ik mensen helpen bij het ontwikkelen van hun stem om te zingen of te spreken. Voor hun plezier of als beroep.","robots":{"index":"index","follow":"follow","max-snippet":"max-snippet:-1","max-image-preview":"max-image-preview:large","max-video-preview":"max-video-preview:-1"},"canonical":"https:\/\/www.willemijnvangent.com\/zangles-denhaag\/zingen\/","og_locale":"en_US","og_type":"article","og_title":"Zingen Willemijn van Gent","og_description":"Als stemspecialist wil ik mensen helpen bij het ontwikkelen van hun stem om te zingen of te spreken. Voor hun plezier of als beroep.","og_url":"https:\/\/www.willemijnvangent.com\/zangles-denhaag\/zingen\/","og_site_name":"Willemijn van Gent","article_modified_time":"2025-07-15T07:40:46+00:00","og_image":[{"url":"http:\/\/www.willemijnvangent.com\/zangles-denhaag\/wp-content\/uploads\/2015\/10\/NAT8473-1024x683.jpg","type":"","width":"","height":""}],"twitter_card":"summary_large_image","twitter_misc":{"Est. reading time":"3 minutes"},"schema":{"@context":"https:\/\/schema.org","@graph":[{"@type":"WebPage","@id":"https:\/\/www.willemijnvangent.com\/zangles-denhaag\/zingen\/","url":"https:\/\/www.willemijnvangent.com\/zangles-denhaag\/zingen\/","name":"Zingen Willemijn van Gent","isPartOf":{"@id":"https:\/\/www.willemijnvangent.com\/zangles-denhaag\/#website"},"primaryImageOfPage":{"@id":"https:\/\/www.willemijnvangent.com\/zangles-denhaag\/zingen\/#primaryimage"},"image":{"@id":"https:\/\/www.willemijnvangent.com\/zangles-denhaag\/zingen\/#primaryimage"},"thumbnailUrl":"http:\/\/www.willemijnvangent.com\/zangles-denhaag\/wp-content\/uploads\/2015\/10\/NAT8473-1024x683.jpg","datePublished":"2015-09-30T18:11:10+00:00","dateModified":"2025-07-15T07:40:46+00:00","description":"Als stemspecialist wil ik mensen helpen bij het ontwikkelen van hun stem om te zingen of te spreken. Voor hun plezier of als beroep.","breadcrumb":{"@id":"https:\/\/www.willemijnvangent.com\/zangles-denhaag\/zingen\/#breadcrumb"},"inLanguage":"en-US","potentialAction":[{"@type":"ReadAction","target":["https:\/\/www.willemijnvangent.com\/zangles-denhaag\/zingen\/"]}]},{"@type":"ImageObject","inLanguage":"en-US","@id":"https:\/\/www.willemijnvangent.com\/zangles-denhaag\/zingen\/#primaryimage","url":"https:\/\/www.willemijnvangent.com\/zangles-denhaag\/wp-content\/uploads\/2015\/10\/NAT8473.jpg","contentUrl":"https:\/\/www.willemijnvangent.com\/zangles-denhaag\/wp-content\/uploads\/2015\/10\/NAT8473.jpg","width":4658,"height":3109},{"@type":"BreadcrumbList","@id":"https:\/\/www.willemijnvangent.com\/zangles-denhaag\/zingen\/#breadcrumb","itemListElement":[{"@type":"ListItem","position":1,"name":"Home","item":"https:\/\/www.willemijnvangent.com\/zangles-denhaag\/"},{"@type":"ListItem","position":2,"name":"Het gaat over zingen"}]},{"@type":"WebSite","@id":"https:\/\/www.willemijnvangent.com\/zangles-denhaag\/#website","url":"https:\/\/www.willemijnvangent.com\/zangles-denhaag\/","name":"Willemijn van Gent","description":"sopraan - zangdocent - stemcoach","potentialAction":[{"@type":"SearchAction","target":{"@type":"EntryPoint","urlTemplate":"https:\/\/www.willemijnvangent.com\/zangles-denhaag\/?s={search_term_string}"},"query-input":{"@type":"PropertyValueSpecification","valueRequired":true,"valueName":"search_term_string"}}],"inLanguage":"en-US"}]}},"_links":{"self":[{"href":"https:\/\/www.willemijnvangent.com\/zangles-denhaag\/wp-json\/wp\/v2\/pages\/2","targetHints":{"allow":["GET"]}}],"collection":[{"href":"https:\/\/www.willemijnvangent.com\/zangles-denhaag\/wp-json\/wp\/v2\/pages"}],"about":[{"href":"https:\/\/www.willemijnvangent.com\/zangles-denhaag\/wp-json\/wp\/v2\/types\/page"}],"author":[{"embeddable":true,"href":"https:\/\/www.willemijnvangent.com\/zangles-denhaag\/wp-json\/wp\/v2\/users\/1"}],"replies":[{"embeddable":true,"href":"https:\/\/www.willemijnvangent.com\/zangles-denhaag\/wp-json\/wp\/v2\/comments?post=2"}],"version-history":[{"count":130,"href":"https:\/\/www.willemijnvangent.com\/zangles-denhaag\/wp-json\/wp\/v2\/pages\/2\/revisions"}],"predecessor-version":[{"id":2337,"href":"https:\/\/www.willemijnvangent.com\/zangles-denhaag\/wp-json\/wp\/v2\/pages\/2\/revisions\/2337"}],"wp:attachment":[{"href":"https:\/\/www.willemijnvangent.com\/zangles-denhaag\/wp-json\/wp\/v2\/media?parent=2"}],"curies":[{"name":"wp","href":"https:\/\/api.w.org\/{rel}","templated":true}]}}